{"id":21892,"date":"2024-11-14T15:55:23","date_gmt":"2024-11-14T14:55:23","guid":{"rendered":"https:\/\/www.eligor.com\/collectionneurs\/boutique\/renault-t-high-2023-citerne-pulvee-delisle\/"},"modified":"2026-04-16T15:09:45","modified_gmt":"2026-04-16T13:09:45","slug":"renault-t-high-2023-citerne-pulvee-delisle","status":"publish","type":"product","link":"https:\/\/www.eligor.com\/en\/collectionneurs\/boutique\/renault-t-high-2023-citerne-pulvee-delisle\/","title":{"rendered":"RENAULT T HIGH 2023 CITERNE PULVEE DELISLE"},"content":{"rendered":"","protected":false},"excerpt":{"rendered":"<p>Maquette de camion personnalis\u00e9e. Mod\u00e8le de collection d\u00e9taill\u00e9 avec couleurs et logos. Mod\u00e8le r\u00e9duit \u00e0 l&#8217;\u00e9chelle 1\/43\u00e8me<\/p>\n","protected":false},"featured_media":20121,"template":"","meta":{"_acf_changed":false},"product_brand":[],"product_cat":[198],"product_tag":[],"type_vehicule":[],"marque_vehicule":[217],"theme_vehicule":[],"class_list":{"0":"post-21892","1":"product","2":"type-product","3":"status-publish","4":"has-post-thumbnail","6":"product_cat-nc","7":"marque_vehicule-renault-en","9":"first","10":"outofstock","11":"taxable","12":"shipping-taxable","13":"purchasable","14":"product-type-simple"},"acf":[],"_links":{"self":[{"href":"https:\/\/www.eligor.com\/en\/wp-json\/wp\/v2\/product\/21892","targetHints":{"allow":["GET"]}}],"collection":[{"href":"https:\/\/www.eligor.com\/en\/wp-json\/wp\/v2\/product"}],"about":[{"href":"https:\/\/www.eligor.com\/en\/wp-json\/wp\/v2\/types\/product"}],"wp:featuredmedia":[{"embeddable":true,"href":"https:\/\/www.eligor.com\/en\/wp-json\/wp\/v2\/media\/20121"}],"wp:attachment":[{"href":"https:\/\/www.eligor.com\/en\/wp-json\/wp\/v2\/media?parent=21892"}],"wp:term":[{"taxonomy":"product_brand","embeddable":true,"href":"https:\/\/www.eligor.com\/en\/wp-json\/wp\/v2\/product_brand?post=21892"},{"taxonomy":"product_cat","embeddable":true,"href":"https:\/\/www.eligor.com\/en\/wp-json\/wp\/v2\/product_cat?post=21892"},{"taxonomy":"product_tag","embeddable":true,"href":"https:\/\/www.eligor.com\/en\/wp-json\/wp\/v2\/product_tag?post=21892"},{"taxonomy":"type_vehicule","embeddable":true,"href":"https:\/\/www.eligor.com\/en\/wp-json\/wp\/v2\/type_vehicule?post=21892"},{"taxonomy":"marque_vehicule","embeddable":true,"href":"https:\/\/www.eligor.com\/en\/wp-json\/wp\/v2\/marque_vehicule?post=21892"},{"taxonomy":"theme_vehicule","embeddable":true,"href":"https:\/\/www.eligor.com\/en\/wp-json\/wp\/v2\/theme_vehicule?post=21892"}],"curies":[{"name":"wp","href":"https:\/\/api.w.org\/{rel}","templated":true}]}}