{"id":18693,"date":"2026-05-04T16:49:58","date_gmt":"2026-05-04T14:49:58","guid":{"rendered":"https:\/\/www.eligor.com\/?post_type=product&#038;p=18693"},"modified":"2023-10-03T10:41:59","modified_gmt":"2023-10-03T08:41:59","slug":"tracteur-renault-t-high-2021-coquelle-dax","status":"publish","type":"product","link":"https:\/\/www.eligor.com\/en\/collectionneurs\/boutique\/tracteur-renault-t-high-2021-coquelle-dax\/","title":{"rendered":"TRACTEUR RENAULT T HIGH 2021 COQUELLE DAX"},"content":{"rendered":"","protected":false},"excerpt":{"rendered":"<p>Mod\u00e8le de collection \u00e0 l&#8217;\u00e9chelle 1\/43.<\/p>\n","protected":false},"featured_media":18660,"template":"","meta":{"_acf_changed":false},"product_brand":[],"product_cat":[199],"product_tag":[],"type_vehicule":[210],"marque_vehicule":[217],"theme_vehicule":[],"class_list":{"0":"post-18693","1":"product","2":"type-product","3":"status-publish","4":"has-post-thumbnail","6":"product_cat-camion-en","7":"type_vehicule-truck-tractor","8":"marque_vehicule-renault-en","10":"first","11":"instock","12":"sale","13":"taxable","14":"shipping-taxable","15":"purchasable","16":"product-type-simple"},"acf":[],"_links":{"self":[{"href":"https:\/\/www.eligor.com\/en\/wp-json\/wp\/v2\/product\/18693","targetHints":{"allow":["GET"]}}],"collection":[{"href":"https:\/\/www.eligor.com\/en\/wp-json\/wp\/v2\/product"}],"about":[{"href":"https:\/\/www.eligor.com\/en\/wp-json\/wp\/v2\/types\/product"}],"wp:featuredmedia":[{"embeddable":true,"href":"https:\/\/www.eligor.com\/en\/wp-json\/wp\/v2\/media\/18660"}],"wp:attachment":[{"href":"https:\/\/www.eligor.com\/en\/wp-json\/wp\/v2\/media?parent=18693"}],"wp:term":[{"taxonomy":"product_brand","embeddable":true,"href":"https:\/\/www.eligor.com\/en\/wp-json\/wp\/v2\/product_brand?post=18693"},{"taxonomy":"product_cat","embeddable":true,"href":"https:\/\/www.eligor.com\/en\/wp-json\/wp\/v2\/product_cat?post=18693"},{"taxonomy":"product_tag","embeddable":true,"href":"https:\/\/www.eligor.com\/en\/wp-json\/wp\/v2\/product_tag?post=18693"},{"taxonomy":"type_vehicule","embeddable":true,"href":"https:\/\/www.eligor.com\/en\/wp-json\/wp\/v2\/type_vehicule?post=18693"},{"taxonomy":"marque_vehicule","embeddable":true,"href":"https:\/\/www.eligor.com\/en\/wp-json\/wp\/v2\/marque_vehicule?post=18693"},{"taxonomy":"theme_vehicule","embeddable":true,"href":"https:\/\/www.eligor.com\/en\/wp-json\/wp\/v2\/theme_vehicule?post=18693"}],"curies":[{"name":"wp","href":"https:\/\/api.w.org\/{rel}","templated":true}]}}